{"id":36,"date":"2014-01-25T18:02:22","date_gmt":"2014-01-25T18:02:22","guid":{"rendered":"http:\/\/ygurkan.com\/?page_id=36"},"modified":"2020-09-08T09:24:09","modified_gmt":"2020-09-08T09:24:09","slug":"about-yunus-gurkan","status":"publish","type":"page","link":"http:\/\/ygurkan.com\/?page_id=36","title":{"rendered":"YUNUS G\u00dcRKAN HAKKINDA"},"content":{"rendered":"<p><strong>Yunus G\u00fcrkan<\/strong> k\u00fcresel turizm sekt\u00f6r\u00fcnde 40 y\u0131ldan uzun s\u00fcredir \u00e7al\u0131\u015fmaktad\u0131r. Konaklama, turizm ve termal faaliyetlerin pazarlanmas\u0131 alanlar\u0131nda tan\u0131nan bir uzman olan G\u00fcrkan, otel y\u00f6netim sekt\u00f6r\u00fcnde giderek derinle\u015fen bir deneyime sahiptir.<\/p>\n<p>Halen <b>T\u00fcrk Sa\u011fl\u0131k Turizmini Geli\u015ftirme Konseyi<\/b>\u2019nde <strong>Y\u00fcksek \u0130\u015fti\u015fare Dan\u0131\u015fma Kurulu K\u0131demli \u00dcyesi<\/strong> olup, daha \u00f6ncesinde iki d\u00f6nem <strong>Genel Sekreterli\u011fini<\/strong>&nbsp; \u00f6ncesinde ise iki d\u00f6nem <b>Termal ve Medikal Spa Otelleri Grup Ba\u015fkanl\u0131\u011f\u0131<\/b> g\u00f6revini y\u00fcr\u00fcten Yunus G\u00fcrkan, onbe\u015f y\u0131l\u0131 a\u015fk\u0131n s\u00fcre boyunca ABD\u2019de \u00e7e\u015fitli y\u00f6netici pozisyonlar\u0131nda \u00e7al\u0131\u015fm\u0131\u015f ve geni\u015f bir yelpazede yer alan m\u00fc\u015fteri ve organizasyonlara do\u011frudan dan\u0131\u015fmanl\u0131k deste\u011fi sa\u011flam\u0131\u015ft\u0131r. Yunus G\u00fcrkan yak\u0131n zaman \u00f6nce T\u00fcrkiye\u2019deki ilk 5 y\u0131ld\u0131zl\u0131 termal otel olan <b>Thermal d\u2019Or Orucoglu<\/b>\u2019nda \u00fcst d\u00fczey y\u00f6netici olarak g\u00f6rev yapm\u0131\u015f; \u00f6ncesinde ise aralar\u0131nda <b>First Choice<\/b> ve <b>TUI<\/b>\u2019\u0131n da bulundu\u011fu Avrupa merkezli \u00e7e\u015fitli tur operat\u00f6rlerinde turizm dan\u0131\u015fmanl\u0131\u011f\u0131 ve d\u00fcnyaca \u00fcnl\u00fc otel zincirlerinde operasyon direkt\u00f6rl\u00fc\u011f\u00fc g\u00f6revlerini \u00fcstlenmi\u015ftir.<\/p>\n<p>Faaliyetleri \u00f6zellikle \u201cT\u00fcrkiye\u2019de Termal Turizmi Geli\u015ftirmenin Yeni Boyutlar\u0131\u201d \u00fczerine yo\u011funla\u015fan Yunus G\u00fcrkan, d\u00fcnya \u00e7ap\u0131nda \u00e7e\u015fitli temalarda d\u00fczenlenen sa\u011fl\u0131k turizmi kongreleri ve organizasyonlar\u0131nda kat\u0131l\u0131mc\u0131 ve organizat\u00f6r olarak s\u0131k s\u0131k yer almaktad\u0131r. G\u00fcrkan, termal ve medikal spa merkezlerine sahip otellerin gelirlerini ve alanla ilgili bilin\u00e7lerini artt\u0131ran \u00e7ok say\u0131da ba\u015far\u0131l\u0131 pazarlama plan\u0131 geli\u015ftirmi\u015ftir. Yunus G\u00fcrkan ayr\u0131ca T\u00fcrkiye \u00e7ap\u0131ndaki m\u00fc\u015fterilere y\u00f6nelik bir dizi stratejik planlama faaliyetine \u00f6nc\u00fcl\u00fck etmekte ve say\u0131s\u0131z termal turizm \u00e7al\u0131\u015fmas\u0131 y\u00fcr\u00fctmektedir.<\/p>\n<p>Yunus G\u00fcrkan\u2019\u0131n temel ilgi alanlar\u0131 ba\u015fta T\u00fcrkiye\u2019de ve k\u00fcresel boyutta termal sa\u011fl\u0131k turizmi olmak \u00fczere turizm planlama, politika olu\u015fturma, y\u00f6netim ve s\u00fcrd\u00fcr\u00fclebilir turizm kalk\u0131nmas\u0131d\u0131r. Bu ba\u011flamda sa\u011fl\u0131k turizminin geli\u015ftirilmesi ve \u00f6zellikle de T\u00fcrkiye\u2019nin 2023 kalk\u0131nma vizyonunun ger\u00e7ekle\u015ftirilmesinde kilit sekt\u00f6rlerden biri olarak belirlenen termal turizm end\u00fcstrisinin rekabet\u00e7i kalk\u0131nma stratejileri konusunda <b>T\u00fcrk Sa\u011fl\u0131k Turizmini Geli\u015ftirme <\/b>konular\u0131nda &nbsp;dan\u0131\u015fmanl\u0131k yapmaktad\u0131r.<\/p>\n<p>yunusgurkan@ygurkan.com<\/p>\n","protected":false},"excerpt":{"rendered":"<p>Yunus G\u00fcrkan k\u00fcresel turizm sekt\u00f6r\u00fcnde 40 y\u0131ldan uzun s\u00fcredir \u00e7al\u0131\u015fmaktad\u0131r. Konaklama, turizm ve termal faaliyetlerin pazarlanmas\u0131 alanlar\u0131nda tan\u0131nan bir uzman olan G\u00fcrkan, otel y\u00f6netim sekt\u00f6r\u00fcnde giderek derinle\u015fen bir deneyime sahiptir. Halen T\u00fcrk Sa\u011fl\u0131k Turizmini Geli\u015ftirme Konseyi\u2019nde Y\u00fcksek \u0130\u015fti\u015fare Dan\u0131\u015fma Kurulu K\u0131demli \u00dcyesi olup, daha \u00f6ncesinde iki d\u00f6nem Genel Sekreterli\u011fini&nbsp; \u00f6ncesinde [&hellip;]<\/p>\n","protected":false},"author":1,"featured_media":29,"parent":0,"menu_order":0,"comment_status":"closed","ping_status":"closed","template":"","meta":{"footnotes":""},"class_list":["post-36","page","type-page","status-publish","has-post-thumbnail","hentry"],"_links":{"self":[{"href":"http:\/\/ygurkan.com\/index.php?rest_route=\/wp\/v2\/pages\/36","targetHints":{"allow":["GET"]}}],"collection":[{"href":"http:\/\/ygurkan.com\/index.php?rest_route=\/wp\/v2\/pages"}],"about":[{"href":"http:\/\/ygurkan.com\/index.php?rest_route=\/wp\/v2\/types\/page"}],"author":[{"embeddable":true,"href":"http:\/\/ygurkan.com\/index.php?rest_route=\/wp\/v2\/users\/1"}],"replies":[{"embeddable":true,"href":"http:\/\/ygurkan.com\/index.php?rest_route=%2Fwp%2Fv2%2Fcomments&post=36"}],"version-history":[{"count":0,"href":"http:\/\/ygurkan.com\/index.php?rest_route=\/wp\/v2\/pages\/36\/revisions"}],"wp:featuredmedia":[{"embeddable":true,"href":"http:\/\/ygurkan.com\/index.php?rest_route=\/wp\/v2\/media\/29"}],"wp:attachment":[{"href":"http:\/\/ygurkan.com\/index.php?rest_route=%2Fwp%2Fv2%2Fmedia&parent=36"}],"curies":[{"name":"wp","href":"https:\/\/api.w.org\/{rel}","templated":true}]}}